{"id":3626,"date":"2022-03-09T14:42:56","date_gmt":"2022-03-09T13:42:56","guid":{"rendered":"https:\/\/casadelpuerto.biz\/remboursement_retours\/"},"modified":"2022-03-14T21:56:17","modified_gmt":"2022-03-14T20:56:17","slug":"remboursement_retours","status":"publish","type":"page","link":"https:\/\/casadelpuerto.biz\/fr\/remboursement_retours\/","title":{"rendered":"Politique de retour et de remboursement"},"content":{"rendered":"\t\t<div data-elementor-type=\"wp-page\" data-elementor-id=\"3626\" class=\"elementor elementor-3626 elementor-3116\" data-elementor-post-type=\"page\">\n\t\t\t\t\t\t\t\t\t<section class=\"ob-is-breaking-bad elementor-section elementor-top-section elementor-element elementor-element-c269166 elementor-section-boxed elementor-section-height-default elementor-section-height-default tf-sticky-section tf-sticky-no\" data-id=\"c269166\" data-element_type=\"section\" data-settings=\"{&quot;_ob_bbad_use_it&quot;:&quot;yes&quot;,&quot;_ob_bbad_sssic_use&quot;:&quot;no&quot;,&quot;_ob_glider_is_slider&quot;:&quot;no&quot;,&quot;tf_sticky&quot;:&quot;no&quot;,&quot;ekit_has_onepagescroll_dot&quot;:&quot;yes&quot;}\">\n\t\t\t\t\t\t<div class=\"elementor-container elementor-column-gap-default\">\n\t\t\t\t\t<div class=\"elementor-column elementor-col-100 elementor-top-column elementor-element elementor-element-174b450\" data-id=\"174b450\" data-element_type=\"column\" data-settings=\"{&quot;_ob_bbad_is_stalker&quot;:&quot;no&quot;,&quot;_ob_teleporter_use&quot;:false,&quot;_ob_column_hoveranimator&quot;:&quot;no&quot;,&quot;_ob_column_has_pseudo&quot;:&quot;no&quot;}\">\n\t\t\t<div class=\"elementor-widget-wrap elementor-element-populated\">\n\t\t\t\t\t\t\t\t<div class=\"elementor-element elementor-element-0477e28 ob-harakiri-inherit ob-has-background-overlay elementor-widget elementor-widget-heading\" data-id=\"0477e28\" data-element_type=\"widget\" data-settings=\"{&quot;_ob_use_harakiri&quot;:&quot;yes&quot;,&quot;_ob_harakiri_writing_mode&quot;:&quot;inherit&quot;,&quot;_ob_harakiri_text_clip&quot;:&quot;none&quot;,&quot;_ob_perspektive_use&quot;:&quot;no&quot;,&quot;ekit_we_effect_on&quot;:&quot;none&quot;,&quot;_ob_poopart_use&quot;:&quot;yes&quot;,&quot;_ob_shadough_use&quot;:&quot;no&quot;,&quot;_ob_allow_hoveranimator&quot;:&quot;no&quot;,&quot;_ob_widget_stalker_use&quot;:&quot;no&quot;}\" data-widget_type=\"heading.default\">\n\t\t\t\t<div class=\"elementor-widget-container\">\n\t\t\t<style>\/*! elementor - v3.18.0 - 04-12-2023 *\/\n.elementor-heading-title{padding:0;margin:0;line-height:1}.elementor-widget-heading .elementor-heading-title[class*=elementor-size-]>a{color:inherit;font-size:inherit;line-height:inherit}.elementor-widget-heading .elementor-heading-title.elementor-size-small{font-size:15px}.elementor-widget-heading .elementor-heading-title.elementor-size-medium{font-size:19px}.elementor-widget-heading .elementor-heading-title.elementor-size-large{font-size:29px}.elementor-widget-heading .elementor-heading-title.elementor-size-xl{font-size:39px}.elementor-widget-heading .elementor-heading-title.elementor-size-xxl{font-size:59px}<\/style><h2 class=\"elementor-heading-title elementor-size-default\">Conditions d'utilisation et politique de confidentialit\u00e9 casadelpuerto.biz<\/h2>\t\t<\/div>\n\t\t\t\t<\/div>\n\t\t\t\t<div class=\"elementor-element elementor-element-b975b5a ob-harakiri-inherit ob-has-background-overlay elementor-widget elementor-widget-text-editor\" data-id=\"b975b5a\" data-element_type=\"widget\" data-settings=\"{&quot;_ob_use_harakiri&quot;:&quot;yes&quot;,&quot;_ob_harakiri_writing_mode&quot;:&quot;inherit&quot;,&quot;_ob_postman_use&quot;:&quot;no&quot;,&quot;_ob_perspektive_use&quot;:&quot;no&quot;,&quot;ekit_we_effect_on&quot;:&quot;none&quot;,&quot;_ob_poopart_use&quot;:&quot;yes&quot;,&quot;_ob_shadough_use&quot;:&quot;no&quot;,&quot;_ob_allow_hoveranimator&quot;:&quot;no&quot;,&quot;_ob_widget_stalker_use&quot;:&quot;no&quot;}\" data-widget_type=\"text-editor.default\">\n\t\t\t\t<div class=\"elementor-widget-container\">\n\t\t\t<style>\/*! elementor - v3.18.0 - 04-12-2023 *\/\n.elementor-widget-text-editor.elementor-drop-cap-view-stacked .elementor-drop-cap{background-color:#69727d;color:#fff}.elementor-widget-text-editor.elementor-drop-cap-view-framed .elementor-drop-cap{color:#69727d;border:3px solid;background-color:transparent}.elementor-widget-text-editor:not(.elementor-drop-cap-view-default) .elementor-drop-cap{margin-top:8px}.elementor-widget-text-editor:not(.elementor-drop-cap-view-default) .elementor-drop-cap-letter{width:1em;height:1em}.elementor-widget-text-editor .elementor-drop-cap{float:left;text-align:center;line-height:1;font-size:50px}.elementor-widget-text-editor .elementor-drop-cap-letter{display:inline-block}<\/style>\t\t\t\t<div id=\"tw-target-text-container\" class=\"tw-ta-container F0azHf tw-nfl\" tabindex=\"0\"><p class=\"entry-title\"><span style=\"color: #5f6060; font-family: 'Open Sans', sans-serif; font-size: 1rem;\">Le document suivant \u00e9tablit les conditions g\u00e9n\u00e9rales d&#8217;utilisation et les politiques de confidentialit\u00e9 du site Web casadelpuerto.biz, de ses sous-domaines ou des sites associ\u00e9s. Nous nous r\u00e9servons le droit de modifier ces Conditions d&#8217;Utilisation et Politiques en g\u00e9n\u00e9ral pour les adapter \u00e0 la l\u00e9gislation en vigueur ou pour les rendre applicables aux pratiques normales du march\u00e9. Si vous n&#8217;\u00eates pas d&#8217;accord avec un aspect de ce document, veuillez ne pas utiliser nos services.<\/span><\/p><div class=\"single-content\"><div class=\"vc_row wpb_row vc_row-fluid vc_row\"><div class=\"wpb_column vc_column_container vc_col-sm-12 vc_column\"><div class=\"vc_column-inner\"><div class=\"wpb_wrapper\"><div class=\"wpb_text_column wpb_content_element vc_column_text\"><div class=\"wpb_wrapper\"><p><strong>Droits de propri\u00e9t\u00e9 intellectuelle et industrielle.<\/strong><\/p><p>Vous, utilisateur du site web, reconnaissez que tous les \u00e9l\u00e9ments de celui-ci : les informations, la structure, la conception et la pr\u00e9sentation de son contenu, les programmes informatiques utilis\u00e9s en relation avec celui-ci sont prot\u00e9g\u00e9s par des droits de propri\u00e9t\u00e9 intellectuelle et industrielle appartenant \u00e0 leurs auteurs. Par cons\u00e9quent, vous (utilisateur) ne pouvez pas\u00a0: reproduire, transformer, modifier, distribuer, louer, pr\u00eater, d\u00e9sassembler, d\u00e9sosser, mettre \u00e0 la disposition de tiers ou permettre l&#8217;acc\u00e8s public par toute forme de communication publique d&#8217;aucun des \u00e9l\u00e9ments mentionn\u00e9s dans le le site casadelpuerto.biz, ses sous-domaines ou l&#8217;un de ses sites associ\u00e9s. Vous ne pourrez pas non plus effectuer les actions ci-dessus avec le contenu publicitaire qui fait r\u00e9f\u00e9rence \u00e0 notre site Web dans n&#8217;importe quel lieu ou m\u00e9dia.<\/p><p>En particulier, l&#8217;utilisation des textes, images, publicit\u00e9s et tout autre \u00e9l\u00e9ment inclus dans casadelpuerto.biz pour leur int\u00e9gration ult\u00e9rieure, en tout ou en partie, dans d&#8217;autres sites Web ou m\u00e9dias en dehors de notre portail sans autorisation pr\u00e9alable et par \u00e9crit.<\/p><p>L&#8217;utilisateur nous autorise \u00e0 transformer, reproduire, distribuer et communiquer publiquement les photographies, les donn\u00e9es de contact et les textes envoy\u00e9s, appartenant \u00e0 leur publicit\u00e9, afin d&#8217;\u00eatre publi\u00e9s sur le site Web et tout autre moyen que le portail utilise \u00e0 des fins publicitaires, comme ainsi que l&#8217;ajout des filigranes de casadelpuerto.biz et de ses sites associ\u00e9s.<\/p><p>Chez casadelpuerto.biz, nous respectons votre droit \u00e0 la vie priv\u00e9e. Nous comprenons \u00e0 quel point la confidentialit\u00e9 et la s\u00e9curit\u00e9 de vos donn\u00e9es sont importantes pour vous en tant que membre de notre communaut\u00e9. A cette fin, dans le cadre de notre politique de confidentialit\u00e9, nous nous limiterons \u00e0 collecter et utiliser les donn\u00e9es personnelles que nous estimons n\u00e9cessaires \u00e0 la fourniture de nos services personnalis\u00e9s, pouvant inclure des conseils et des informations sur nos produits ou services, ainsi que sur ces opportunit\u00e9s qui, selon nous, pourraient vous \u00eatre b\u00e9n\u00e9fiques. Gr\u00e2ce au m\u00e9canisme de d\u00e9sabonnement appropri\u00e9, vous d\u00e9cidez si vous souhaitez recevoir une publication, une promotion et des offres qui correspondent \u00e0 vos int\u00e9r\u00eats.<\/p><p>Casa del Puerto<\/p><p>Courriel : <a href=\"mailto:%20casadelpuertohabana@gmail.com\"><span class=\"elementor-icon-list-text\">casadelpuertohabana@gmail.com<\/span><\/a><\/p><p>T\u00e9l\u00e9phone : <a href=\"tel:+41%2078%20910%2048%2058\"><span class=\"elementor-icon-list-text\">+41 78 910 48 58<\/span><\/a><\/p><p>Adresse : <span class=\"elementor-icon-list-text\">Inquisidor 508 entre Luz et Acosta<\/span><\/p><\/div><\/div><\/div><\/div><\/div><\/div><\/div><\/div><div id=\"tw-target-rmn-container\" class=\"tw-target-rmn tw-ta-container F0azHf tw-nfl\"><p id=\"tw-target-rmn\" class=\"tw-data-placeholder tw-text-small tw-ta\" dir=\"ltr\">\u00a0<\/p><\/div>\t\t\t\t\t\t<\/div>\n\t\t\t\t<\/div>\n\t\t\t\t\t<\/div>\n\t\t<\/div>\n\t\t\t\t\t\t\t<\/div>\n\t\t<\/section>\n\t\t\t\t\t\t\t<\/div>\n\t\t","protected":false},"excerpt":{"rendered":"<p>Conditions d&#8217;utilisation et politique de confidentialit\u00e9 casadelpuerto.biz Le document suivant \u00e9tablit les conditions g\u00e9n\u00e9rales d&#8217;utilisation et les politiques de confidentialit\u00e9 du site Web casadelpuerto.biz, de ses sous-domaines ou des sites associ\u00e9s. Nous nous r\u00e9servons le droit de modifier ces Conditions d&#8217;Utilisation et Politiques en g\u00e9n\u00e9ral pour les adapter \u00e0 la l\u00e9gislation en vigueur ou pour [&hellip;]<\/p>\n","protected":false},"author":1,"featured_media":0,"parent":0,"menu_order":0,"comment_status":"closed","ping_status":"closed","template":"elementor_header_footer","meta":{"footnotes":""},"aioseo_notices":[],"_links":{"self":[{"href":"https:\/\/casadelpuerto.biz\/fr\/wp-json\/wp\/v2\/pages\/3626"}],"collection":[{"href":"https:\/\/casadelpuerto.biz\/fr\/wp-json\/wp\/v2\/pages"}],"about":[{"href":"https:\/\/casadelpuerto.biz\/fr\/wp-json\/wp\/v2\/types\/page"}],"author":[{"embeddable":true,"href":"https:\/\/casadelpuerto.biz\/fr\/wp-json\/wp\/v2\/users\/1"}],"replies":[{"embeddable":true,"href":"https:\/\/casadelpuerto.biz\/fr\/wp-json\/wp\/v2\/comments?post=3626"}],"version-history":[{"count":4,"href":"https:\/\/casadelpuerto.biz\/fr\/wp-json\/wp\/v2\/pages\/3626\/revisions"}],"predecessor-version":[{"id":3939,"href":"https:\/\/casadelpuerto.biz\/fr\/wp-json\/wp\/v2\/pages\/3626\/revisions\/3939"}],"wp:attachment":[{"href":"https:\/\/casadelpuerto.biz\/fr\/wp-json\/wp\/v2\/media?parent=3626"}],"curies":[{"name":"wp","href":"https:\/\/api.w.org\/{rel}","templated":true}]}}