{"id":4788,"date":"2014-09-05T08:17:34","date_gmt":"2014-09-05T07:17:34","guid":{"rendered":"https:\/\/casadelpuerto.biz\/page-d-exemple\/"},"modified":"2014-09-05T08:17:34","modified_gmt":"2014-09-05T07:17:34","slug":"page-d-exemple","status":"publish","type":"page","link":"https:\/\/casadelpuerto.biz\/fr\/page-d-exemple\/","title":{"rendered":"Page d&#8217;exemple"},"content":{"rendered":"<p>Voici un exemple de page.<br \/>\nElle diff\u00e8re d&#8217;un article de blog en ce sens qu&#8217;elle reste au m\u00eame endroit et sera affich\u00e9e dans le menu de navigation de votre site (en fonction de votre sujet).<br \/>\nLa plupart des gens commencent par r\u00e9diger une page &#8220;\u00c0 propos&#8221; qui les pr\u00e9sente aux visiteurs potentiels du site.<br \/>\nVous pouvez \u00e9crire quelque chose comme ceci : &#8230;ou quelque chose comme cela :     <\/p>\n<blockquote><p>L&#8217;entreprise 123 Machin Truc a \u00e9t\u00e9 fond\u00e9e en 1971 et n&#8217;a cess\u00e9 depuis de proposer des machines de qualit\u00e9 au public.<br \/>\nSitu\u00e9e \u00e0 Saint-Remy-en-Bouzemont-Saint-Genest-et-Isson, 123 Machin Truc emploie 2 000 personnes et fabrique toutes sortes de superbes tambours pour la communaut\u00e9 de Saint-Remy-en-Bouzemont. <\/p><\/blockquote>\n<p>  Comme vous \u00eates un nouvel utilisateur de WordPress, vous devriez retourner dans votre <a href=\"http:\/\/kobodayn.fr\/wordpress\/wp-admin\/\">tableau de bord<\/a> pour cr\u00e9er cette page, et cr\u00e9er de nouvelles pages avec votre propre contenu.<br \/>\nNous vous souhaitons beaucoup de plaisir ! <\/p>\n","protected":false},"excerpt":{"rendered":"<p>Voici un exemple de page. Elle diff\u00e8re d&#8217;un article de blog en ce sens qu&#8217;elle reste au m\u00eame endroit et sera affich\u00e9e dans le menu de navigation de votre site (en fonction de votre sujet). La plupart des gens commencent par r\u00e9diger une page &#8220;\u00c0 propos&#8221; qui les pr\u00e9sente aux visiteurs potentiels du site. Vous [&hellip;]<\/p>\n","protected":false},"author":1,"featured_media":0,"parent":0,"menu_order":0,"comment_status":"open","ping_status":"open","template":"","meta":{"footnotes":""},"aioseo_notices":[],"_links":{"self":[{"href":"https:\/\/casadelpuerto.biz\/fr\/wp-json\/wp\/v2\/pages\/4788"}],"collection":[{"href":"https:\/\/casadelpuerto.biz\/fr\/wp-json\/wp\/v2\/pages"}],"about":[{"href":"https:\/\/casadelpuerto.biz\/fr\/wp-json\/wp\/v2\/types\/page"}],"author":[{"embeddable":true,"href":"https:\/\/casadelpuerto.biz\/fr\/wp-json\/wp\/v2\/users\/1"}],"replies":[{"embeddable":true,"href":"https:\/\/casadelpuerto.biz\/fr\/wp-json\/wp\/v2\/comments?post=4788"}],"version-history":[{"count":0,"href":"https:\/\/casadelpuerto.biz\/fr\/wp-json\/wp\/v2\/pages\/4788\/revisions"}],"wp:attachment":[{"href":"https:\/\/casadelpuerto.biz\/fr\/wp-json\/wp\/v2\/media?parent=4788"}],"curies":[{"name":"wp","href":"https:\/\/api.w.org\/{rel}","templated":true}]}}